{"id":110,"date":"2024-08-05T17:40:13","date_gmt":"2024-08-05T17:40:13","guid":{"rendered":"http:\/\/andras.org.pl\/?page_id=110"},"modified":"2024-08-05T17:49:33","modified_gmt":"2024-08-05T17:49:33","slug":"stowarzyszenie-andras","status":"publish","type":"page","link":"http:\/\/andras.org.pl\/","title":{"rendered":"Stowarzyszenie ANDRAS"},"content":{"rendered":"\n<div class=\"wp-block-media-text has-media-on-the-right is-stacked-on-mobile\"><div class=\"wp-block-media-text__content\">\n<p>Stowarzyszenie ANDRAS na zlecenie Miasta S\u0142upska od 1 stycznia 2024 roku prowadzi O\u015brodek Pomocy Osobom Nietrze\u017awym i\u00a0Bezdomnym. <br>Adres: ul. Gdy\u0144skiej 13A, 76-200 S\u0142upsk<br>W naszej Plac\u00f3wce zapewniamy schronienie, wsparcie i opiek\u0119 osobom w kryzysie bezdomno\u015bci.<br>W ramach dzia\u0142alno\u015bci O\u015brodka funkcjonuj\u0105 nast\u0119puj\u0105ce Plac\u00f3wki:<\/p>\n<\/div><figure class=\"wp-block-media-text__media\"><img loading=\"lazy\" decoding=\"async\" width=\"960\" height=\"430\" src=\"http:\/\/andras.org.pl\/wp-content\/uploads\/2024\/08\/andras_siedziba.png\" alt=\"siedziba Andras\" class=\"wp-image-106 size-full\" srcset=\"http:\/\/andras.org.pl\/wp-content\/uploads\/2024\/08\/andras_siedziba.png 960w, http:\/\/andras.org.pl\/wp-content\/uploads\/2024\/08\/andras_siedziba-300x134.png 300w, http:\/\/andras.org.pl\/wp-content\/uploads\/2024\/08\/andras_siedziba-768x344.png 768w, http:\/\/andras.org.pl\/wp-content\/uploads\/2024\/08\/andras_siedziba-150x67.png 150w, http:\/\/andras.org.pl\/wp-content\/uploads\/2024\/08\/andras_siedziba-400x179.png 400w\" sizes=\"auto, (max-width: 960px) 100vw, 960px\" \/><\/figure><\/div>\n\n\n\n<p><\/p>\n\n\n\n<ul class=\"wp-block-list\">\n<li>\u015awietlica &#8211; czynna w godzinach od 10.00 do 18.00, przeznaczona dla 16 os\u00f3b, zar\u00f3wno kobiet jak i\u00a0m\u0119\u017cczyzn. \u015awietlica pe\u0142ni funkcj\u0119 pomieszczenia do spo\u017cywania posi\u0142k\u00f3w, prowadzenia zaj\u0119\u0107 terapeutycznych i sp\u0119dzania czasu wolnego.<\/li>\n\n\n\n<li>Ogrzewalnia \u2013 ca\u0142oroczna, czynna w okresie od 1 maja do 30 wrze\u015bnia w godz. 20.00-08.00, od 1 pa\u017adziernika do 30 kwietnia w godz. 18.00-08.00, przeznaczona zar\u00f3wno dla kobiet jak i m\u0119\u017cczyzn. Pobyt w Ogrzewalni umo\u017cliwia ogrzanie si\u0119 w pomieszczeniu, kt\u00f3rego temperatura nie jest ni\u017csza ni\u017c 18\u00b0C, skorzystanie z w\u0119z\u0142a sanitarnego, przygotowanie gor\u0105cego napoju. Osobom w kryzysie bezdomno\u015bci udost\u0119pniane s\u0105 \u015brodki czysto\u015bci, \u015brodki higieniczne i ochronne.<\/li>\n\n\n\n<li>\u0141a\u017ania dla os\u00f3b w kryzysie bezdomno\u015bci czynna w: poniedzia\u0142ki, \u015brody i pi\u0105tki w godzinach od 9.00 do 14.00. W ramach funkcjonowania \u0142a\u017ani zapewniamy dost\u0119p do \u015brodk\u00f3w higienicznych, czystych r\u0119cznik\u00f3w, a tak\u017ce jednorazowych przybor\u00f3w do golenia oraz zestawy do higieny jamy ustnej. Ka\u017cda osoba korzystaj\u0105ca z \u0142a\u017ani mo\u017ce zaopatrzy\u0107 si\u0119 w czyst\u0105 odzie\u017c, a tak\u017ce otrzyma\u0107 ciep\u0142y nap\u00f3j.<\/li>\n\n\n\n<li>Dzia\u0142 Izba Wytrze\u017awie\u0144 czynny ca\u0142odobowo.<\/li>\n\n\n\n<li>Punkt konsultacyjny ds. uzale\u017cnie\u0144 i przeciwdzia\u0142ania przemocy domowej w <strong>poniedzia\u0142ki i wtorki w godzinach 8:00 &#8211; 16:00, w \u015brody w godzinach 16:00 &#8211; 18:00, w czwartki i pi\u0105tki w godzinach 15:00 &#8211; 17:00. <\/strong>Problem uzale\u017cnienia od alkoholu dotyka nie tylko osob\u0119 uzale\u017cnion\u0105, ale ca\u0142\u0105 rodzin\u0119. W naszym O\u015brodku uruchomili\u015bmy Punktu Konsultacyjny dla os\u00f3b uzale\u017cnionych i ich rodzin. <br>Dy\u017cur w puncie pe\u0142ni terapeuta uzale\u017cnie\u0144 oraz pracownik socjalny.<\/li>\n\n\n\n<li>Grupa wsparcia dla os\u00f3b uzale\u017cnionych od alkoholu w czwartki w godz. 17.00-19.00. Wsp\u00f3lne spotkania umo\u017cliwiaj\u0105 wymian\u0119 do\u015bwiadcze\u0144 i trudnych uczu\u0107, co jest kluczowe w procesie terapii. To nie tylko przestrze\u0144 do rozmowy, ale przede wszystkim miejsce, gdzie ka\u017cdy uczestnik czuje si\u0119 zrozumiany. Grupa wsparcia pozwala osobom uzale\u017cnionym poczu\u0107, \u017ce nie s\u0105 sami ze swoimi problemami.<\/li>\n<\/ul>\n","protected":false},"excerpt":{"rendered":"<p>Stowarzyszenie ANDRAS na zlecenie Miasta S\u0142upska od 1 stycznia 2024 roku prowadzi O\u015brodek Pomocy Osobom Nietrze\u017awym i\u00a0Bezdomnym. Adres: ul. Gdy\u0144skiej 13A, 76-200 S\u0142upskW naszej Plac\u00f3wce zapewniamy schronienie, wsparcie i opiek\u0119 osobom w kryzysie bezdomno\u015bci.W ramach dzia\u0142alno\u015bci O\u015brodka funkcjonuj\u0105 nast\u0119puj\u0105ce Plac\u00f3wki:<\/p>\n","protected":false},"author":1,"featured_media":0,"parent":0,"menu_order":0,"comment_status":"closed","ping_status":"closed","template":"templates\/home.php","meta":{"footnotes":""},"class_list":["post-110","page","type-page","status-publish","hentry","page-entry","loop-entry","clr"],"_links":{"self":[{"href":"http:\/\/andras.org.pl\/index.php?rest_route=\/wp\/v2\/pages\/110","targetHints":{"allow":["GET"]}}],"collection":[{"href":"http:\/\/andras.org.pl\/index.php?rest_route=\/wp\/v2\/pages"}],"about":[{"href":"http:\/\/andras.org.pl\/index.php?rest_route=\/wp\/v2\/types\/page"}],"author":[{"embeddable":true,"href":"http:\/\/andras.org.pl\/index.php?rest_route=\/wp\/v2\/users\/1"}],"replies":[{"embeddable":true,"href":"http:\/\/andras.org.pl\/index.php?rest_route=%2Fwp%2Fv2%2Fcomments&post=110"}],"version-history":[{"count":5,"href":"http:\/\/andras.org.pl\/index.php?rest_route=\/wp\/v2\/pages\/110\/revisions"}],"predecessor-version":[{"id":120,"href":"http:\/\/andras.org.pl\/index.php?rest_route=\/wp\/v2\/pages\/110\/revisions\/120"}],"wp:attachment":[{"href":"http:\/\/andras.org.pl\/index.php?rest_route=%2Fwp%2Fv2%2Fmedia&parent=110"}],"curies":[{"name":"wp","href":"https:\/\/api.w.org\/{rel}","templated":true}]}}