{"id":139,"date":"2024-08-05T18:39:12","date_gmt":"2024-08-05T18:39:12","guid":{"rendered":"http:\/\/andras.org.pl\/?page_id=139"},"modified":"2024-08-05T18:39:40","modified_gmt":"2024-08-05T18:39:40","slug":"kontakt","status":"publish","type":"page","link":"http:\/\/andras.org.pl\/?page_id=139","title":{"rendered":"Kontakt"},"content":{"rendered":"\n<p>Biuro&nbsp; Stowarzyszenia ANDRAS:<br>O\u015brodek Pomocy Osobom Nietrze\u017awym i Bezdomnym<br>ul. Gdy\u0144ska 13A<br>76-200 S\u0142upsk<br>czynne od poniedzia\u0142ku do pi\u0105tku w godz. 7:00 \u2013 15:00<br>nr telefonu :59 8404265<br>e-mail: andrasslupsk@gmail.com<\/p>\n\n\n\n<iframe src=\"https:\/\/www.google.com\/maps\/embed?pb=!1m18!1m12!1m3!1d2648.3969254718677!2d17.05201513131328!3d54.45879411374802!2m3!1f0!2f0!3f0!3m2!1i1024!2i768!4f13.1!3m3!1m2!1s0x46fe1a77e50d8f1b%3A0x7d20fb14181c6f57!2sGdy%C5%84ska%2013A%2C%2076-200%20S%C5%82upsk!5e1!3m2!1spl!2spl!4v1722881663568!5m2!1spl!2spl\" width=\"600\" height=\"450\" style=\"border:0;\" allowfullscreen=\"\" loading=\"lazy\" referrerpolicy=\"no-referrer-when-downgrade\"><\/iframe>\n\n\n\n<p>NIP : 839-323-94-80<br>Regon : 526101024<br>KRS : 0001052382<br>pracownik socjalny Madalena Kodrzycka<br>e-mail: andras.mkodrzycka@gmail.com<\/p>\n","protected":false},"excerpt":{"rendered":"<p>Biuro&nbsp; Stowarzyszenia ANDRAS:O\u015brodek Pomocy Osobom Nietrze\u017awym i Bezdomnymul. Gdy\u0144ska 13A76-200 S\u0142upskczynne od poniedzia\u0142ku do pi\u0105tku w godz. 7:00 \u2013 15:00nr telefonu :59 8404265e-mail: andrasslupsk@gmail.com NIP : 839-323-94-80Regon : 526101024KRS : 0001052382pracownik socjalny Madalena Kodrzyckae-mail: andras.mkodrzycka@gmail.com<\/p>\n","protected":false},"author":1,"featured_media":0,"parent":0,"menu_order":0,"comment_status":"closed","ping_status":"closed","template":"","meta":{"footnotes":""},"class_list":["post-139","page","type-page","status-publish","hentry","page-entry","loop-entry","clr"],"_links":{"self":[{"href":"http:\/\/andras.org.pl\/index.php?rest_route=\/wp\/v2\/pages\/139","targetHints":{"allow":["GET"]}}],"collection":[{"href":"http:\/\/andras.org.pl\/index.php?rest_route=\/wp\/v2\/pages"}],"about":[{"href":"http:\/\/andras.org.pl\/index.php?rest_route=\/wp\/v2\/types\/page"}],"author":[{"embeddable":true,"href":"http:\/\/andras.org.pl\/index.php?rest_route=\/wp\/v2\/users\/1"}],"replies":[{"embeddable":true,"href":"http:\/\/andras.org.pl\/index.php?rest_route=%2Fwp%2Fv2%2Fcomments&post=139"}],"version-history":[{"count":3,"href":"http:\/\/andras.org.pl\/index.php?rest_route=\/wp\/v2\/pages\/139\/revisions"}],"predecessor-version":[{"id":143,"href":"http:\/\/andras.org.pl\/index.php?rest_route=\/wp\/v2\/pages\/139\/revisions\/143"}],"wp:attachment":[{"href":"http:\/\/andras.org.pl\/index.php?rest_route=%2Fwp%2Fv2%2Fmedia&parent=139"}],"curies":[{"name":"wp","href":"https:\/\/api.w.org\/{rel}","templated":true}]}}